{"id":2,"date":"2025-02-04T16:31:57","date_gmt":"2025-02-04T15:31:57","guid":{"rendered":"http:\/\/dinnerinthesky.sk\/?page_id=2"},"modified":"2025-02-04T16:31:57","modified_gmt":"2025-02-04T15:31:57","slug":"zkusebni-stranka","status":"publish","type":"page","link":"https:\/\/dinnerinthesky.sk\/index.php\/zkusebni-stranka\/","title":{"rendered":"Zku\u0161ebn\u00ed str\u00e1nka"},"content":{"rendered":"\n<p>Pr\u00e1v\u011b si prohl\u00ed\u017e\u00edte uk\u00e1zkovou str\u00e1nku, kter\u00e1 byla vytvo\u0159ena automaticky b\u011bhem instalace WordPressu. Str\u00e1nky se li\u0161\u00ed od p\u0159\u00edsp\u011bvk\u016f zejm\u00e9na t\u00edm, \u017ee obsahuj\u00ed n\u011bjak\u00fd statick\u00fd text a jsou zobrazov\u00e1ny na st\u00e1le stejn\u00e9m m\u00edst\u011b webu (u v\u011bt\u0161iny \u0161ablon jde o naviga\u010dn\u00ed menu). Lid\u00e9 obvykle nejd\u0159\u00edve vytv\u00e1\u0159ej\u00ed z\u00e1kladn\u00ed informa\u010dn\u00ed str\u00e1nky, kde se p\u0159edstav\u00ed n\u00e1v\u0161t\u011bvn\u00edk\u016fm webu a sezn\u00e1m\u00ed je se sv\u00fdmi z\u00e1m\u011bry. M\u016f\u017ee to b\u00fdt nap\u0159. n\u011bco v n\u00e1sleduj\u00edc\u00edm stylu:<\/p>\n\n\n\n<blockquote class=\"wp-block-quote is-layout-flow wp-block-quote-is-layout-flow\"><p>Zdrav\u00edm! Jsem Josef a bydl\u00edm v Plzni. Pracuji jako \u0159idi\u010d autobusu a po noc\u00edch bloguji o, alespo\u0148 dle m\u00e9ho, zaj\u00edmav\u00fdch v\u011bcech&#8230;<\/p><\/blockquote>\n\n\n\n<p>&#8230;a nebo n\u011bco takov\u00e9ho:<\/p>\n\n\n\n<blockquote class=\"wp-block-quote is-layout-flow wp-block-quote-is-layout-flow\"><p>Spole\u010dnost XYZ byla zalo\u017eena v roce 1989 a ji\u017e od po\u010d\u00e1tku nab\u00edz\u00ed sv\u00fdm z\u00e1kazn\u00edk\u016fm vynikaj\u00edc\u00ed v\u00fdrobky pro kedsicosi. XYZ se soust\u0159ed\u00ed p\u0159edev\u0161\u00edm na kvalitu a detail za pou\u017eit\u00ed nejnov\u011bj\u0161\u00edch technologi\u00ed a se zaji\u0161t\u011bn\u00edm vysok\u00e9 \u017eivotnosti. Firma  s\u00eddl\u00ed v Kocourkov\u011b a zam\u011bstn\u00e1v\u00e1 v\u00edce ne\u017e 300 profesion\u00e1l\u016f ve r\u016fzn\u00fdch oblastech.<\/p><\/blockquote>\n\n\n\n<p>Pokud s WordPressem pr\u00e1v\u011b za\u010d\u00edn\u00e1te, m\u011bli byste se nejd\u0159\u00edve p\u0159ihl\u00e1sit do <a href=\"https:\/\/dinnerinthesky.sk\/wp-admin\/\">administrace<\/a> a tuto str\u00e1nku smazat (nebo upravit). A nic u\u017e v\u00e1m tak\u00e9 nebr\u00e1n\u00ed vytv\u00e1\u0159et dal\u0161\u00ed obsah webu v podob\u011b nov\u00fdch str\u00e1nek a p\u0159\u00edsp\u011bvk\u016f. Douf\u00e1me, \u017ee budete se spr\u00e1vou webu v redak\u010dn\u00edm syst\u00e9mu WordPress spokojeni!<\/p>\n","protected":false},"excerpt":{"rendered":"<p>Pr\u00e1v\u011b si prohl\u00ed\u017e\u00edte uk\u00e1zkovou str\u00e1nku, kter\u00e1 byla vytvo\u0159ena automaticky b\u011bhem instalace WordPressu. Str\u00e1nky se li\u0161\u00ed od p\u0159\u00edsp\u011bvk\u016f zejm\u00e9na t\u00edm, \u017ee obsahuj\u00ed n\u011bjak\u00fd statick\u00fd text a jsou zobrazov\u00e1ny na st\u00e1le stejn\u00e9m m\u00edst\u011b webu (u v\u011bt\u0161iny \u0161ablon jde o naviga\u010dn\u00ed menu). Lid\u00e9 obvykle nejd\u0159\u00edve vytv\u00e1\u0159ej\u00ed z\u00e1kladn\u00ed informa\u010dn\u00ed str\u00e1nky, kde se p\u0159edstav\u00ed n\u00e1v\u0161t\u011bvn\u00edk\u016fm webu a sezn\u00e1m\u00ed je se [&hellip;]<\/p>\n","protected":false},"author":1,"featured_media":0,"parent":0,"menu_order":0,"comment_status":"closed","ping_status":"open","template":"","meta":{"_et_pb_use_builder":"","_et_pb_old_content":"","_et_gb_content_width":"","footnotes":""},"class_list":["post-2","page","type-page","status-publish","hentry"],"yoast_head":"<!-- This site is optimized with the Yoast SEO plugin v24.4 - https:\/\/yoast.com\/wordpress\/plugins\/seo\/ -->\n<title>Zku\u0161ebn\u00ed str\u00e1nka - Dinner in the Sky Slovensko<\/title>\n<meta name=\"robots\" content=\"index, follow, max-snippet:-1, max-image-preview:large, max-video-preview:-1\" \/>\n<link rel=\"canonical\" href=\"https:\/\/dinnerinthesky.sk\/index.php\/zkusebni-stranka\/\" \/>\n<meta property=\"og:locale\" content=\"cs_CZ\" \/>\n<meta property=\"og:type\" content=\"article\" \/>\n<meta property=\"og:title\" content=\"Zku\u0161ebn\u00ed str\u00e1nka - Dinner in the Sky Slovensko\" \/>\n<meta property=\"og:description\" content=\"Pr\u00e1v\u011b si prohl\u00ed\u017e\u00edte uk\u00e1zkovou str\u00e1nku, kter\u00e1 byla vytvo\u0159ena automaticky b\u011bhem instalace WordPressu. Str\u00e1nky se li\u0161\u00ed od p\u0159\u00edsp\u011bvk\u016f zejm\u00e9na t\u00edm, \u017ee obsahuj\u00ed n\u011bjak\u00fd statick\u00fd text a jsou zobrazov\u00e1ny na st\u00e1le stejn\u00e9m m\u00edst\u011b webu (u v\u011bt\u0161iny \u0161ablon jde o naviga\u010dn\u00ed menu). Lid\u00e9 obvykle nejd\u0159\u00edve vytv\u00e1\u0159ej\u00ed z\u00e1kladn\u00ed informa\u010dn\u00ed str\u00e1nky, kde se p\u0159edstav\u00ed n\u00e1v\u0161t\u011bvn\u00edk\u016fm webu a sezn\u00e1m\u00ed je se [&hellip;]\" \/>\n<meta property=\"og:url\" content=\"https:\/\/dinnerinthesky.sk\/index.php\/zkusebni-stranka\/\" \/>\n<meta property=\"og:site_name\" content=\"Dinner in the Sky Slovensko\" \/>\n<meta property=\"og:image\" content=\"https:\/\/dinnerinthesky.sk\/wp-content\/uploads\/2025\/02\/DITS-Noc-011kom-scaled-1.jpg\" \/>\n\t<meta property=\"og:image:width\" content=\"1920\" \/>\n\t<meta property=\"og:image:height\" content=\"1280\" \/>\n\t<meta property=\"og:image:type\" content=\"image\/jpeg\" \/>\n<meta name=\"twitter:card\" content=\"summary_large_image\" \/>\n<meta name=\"twitter:label1\" content=\"Odhadovan\u00e1 doba \u010dten\u00ed\" \/>\n\t<meta name=\"twitter:data1\" content=\"1 minuta\" \/>\n<script type=\"application\/ld+json\" class=\"yoast-schema-graph\">{\"@context\":\"https:\/\/schema.org\",\"@graph\":[{\"@type\":\"WebPage\",\"@id\":\"https:\/\/dinnerinthesky.sk\/index.php\/zkusebni-stranka\/\",\"url\":\"https:\/\/dinnerinthesky.sk\/index.php\/zkusebni-stranka\/\",\"name\":\"Zku\u0161ebn\u00ed str\u00e1nka - Dinner in the Sky Slovensko\",\"isPartOf\":{\"@id\":\"https:\/\/dinnerinthesky.sk\/#website\"},\"datePublished\":\"2025-02-04T15:31:57+00:00\",\"breadcrumb\":{\"@id\":\"https:\/\/dinnerinthesky.sk\/index.php\/zkusebni-stranka\/#breadcrumb\"},\"inLanguage\":\"cs\",\"potentialAction\":[{\"@type\":\"ReadAction\",\"target\":[\"https:\/\/dinnerinthesky.sk\/index.php\/zkusebni-stranka\/\"]}]},{\"@type\":\"BreadcrumbList\",\"@id\":\"https:\/\/dinnerinthesky.sk\/index.php\/zkusebni-stranka\/#breadcrumb\",\"itemListElement\":[{\"@type\":\"ListItem\",\"position\":1,\"name\":\"Dom\u016f\",\"item\":\"https:\/\/dinnerinthesky.sk\/\"},{\"@type\":\"ListItem\",\"position\":2,\"name\":\"Zku\u0161ebn\u00ed str\u00e1nka\"}]},{\"@type\":\"WebSite\",\"@id\":\"https:\/\/dinnerinthesky.sk\/#website\",\"url\":\"https:\/\/dinnerinthesky.sk\/\",\"name\":\"Dinner in the Sky Slovensko\",\"description\":\"\",\"publisher\":{\"@id\":\"https:\/\/dinnerinthesky.sk\/#organization\"},\"potentialAction\":[{\"@type\":\"SearchAction\",\"target\":{\"@type\":\"EntryPoint\",\"urlTemplate\":\"https:\/\/dinnerinthesky.sk\/?s={search_term_string}\"},\"query-input\":{\"@type\":\"PropertyValueSpecification\",\"valueRequired\":true,\"valueName\":\"search_term_string\"}}],\"inLanguage\":\"cs\"},{\"@type\":\"Organization\",\"@id\":\"https:\/\/dinnerinthesky.sk\/#organization\",\"name\":\"Dinner in the Sky Slovensko\",\"url\":\"https:\/\/dinnerinthesky.sk\/\",\"logo\":{\"@type\":\"ImageObject\",\"inLanguage\":\"cs\",\"@id\":\"https:\/\/dinnerinthesky.sk\/#\/schema\/logo\/image\/\",\"url\":\"https:\/\/dinnerinthesky.sk\/wp-content\/uploads\/2025\/02\/ditszapad-1024x679.png\",\"contentUrl\":\"https:\/\/dinnerinthesky.sk\/wp-content\/uploads\/2025\/02\/ditszapad-1024x679.png\",\"width\":1024,\"height\":679,\"caption\":\"Dinner in the Sky Slovensko\"},\"image\":{\"@id\":\"https:\/\/dinnerinthesky.sk\/#\/schema\/logo\/image\/\"}}]}<\/script>\n<!-- \/ Yoast SEO plugin. -->","yoast_head_json":{"title":"Zku\u0161ebn\u00ed str\u00e1nka - Dinner in the Sky Slovensko","robots":{"index":"index","follow":"follow","max-snippet":"max-snippet:-1","max-image-preview":"max-image-preview:large","max-video-preview":"max-video-preview:-1"},"canonical":"https:\/\/dinnerinthesky.sk\/index.php\/zkusebni-stranka\/","og_locale":"cs_CZ","og_type":"article","og_title":"Zku\u0161ebn\u00ed str\u00e1nka - Dinner in the Sky Slovensko","og_description":"Pr\u00e1v\u011b si prohl\u00ed\u017e\u00edte uk\u00e1zkovou str\u00e1nku, kter\u00e1 byla vytvo\u0159ena automaticky b\u011bhem instalace WordPressu. Str\u00e1nky se li\u0161\u00ed od p\u0159\u00edsp\u011bvk\u016f zejm\u00e9na t\u00edm, \u017ee obsahuj\u00ed n\u011bjak\u00fd statick\u00fd text a jsou zobrazov\u00e1ny na st\u00e1le stejn\u00e9m m\u00edst\u011b webu (u v\u011bt\u0161iny \u0161ablon jde o naviga\u010dn\u00ed menu). Lid\u00e9 obvykle nejd\u0159\u00edve vytv\u00e1\u0159ej\u00ed z\u00e1kladn\u00ed informa\u010dn\u00ed str\u00e1nky, kde se p\u0159edstav\u00ed n\u00e1v\u0161t\u011bvn\u00edk\u016fm webu a sezn\u00e1m\u00ed je se [&hellip;]","og_url":"https:\/\/dinnerinthesky.sk\/index.php\/zkusebni-stranka\/","og_site_name":"Dinner in the Sky Slovensko","og_image":[{"width":1920,"height":1280,"url":"https:\/\/dinnerinthesky.sk\/wp-content\/uploads\/2025\/02\/DITS-Noc-011kom-scaled-1.jpg","type":"image\/jpeg"}],"twitter_card":"summary_large_image","twitter_misc":{"Odhadovan\u00e1 doba \u010dten\u00ed":"1 minuta"},"schema":{"@context":"https:\/\/schema.org","@graph":[{"@type":"WebPage","@id":"https:\/\/dinnerinthesky.sk\/index.php\/zkusebni-stranka\/","url":"https:\/\/dinnerinthesky.sk\/index.php\/zkusebni-stranka\/","name":"Zku\u0161ebn\u00ed str\u00e1nka - Dinner in the Sky Slovensko","isPartOf":{"@id":"https:\/\/dinnerinthesky.sk\/#website"},"datePublished":"2025-02-04T15:31:57+00:00","breadcrumb":{"@id":"https:\/\/dinnerinthesky.sk\/index.php\/zkusebni-stranka\/#breadcrumb"},"inLanguage":"cs","potentialAction":[{"@type":"ReadAction","target":["https:\/\/dinnerinthesky.sk\/index.php\/zkusebni-stranka\/"]}]},{"@type":"BreadcrumbList","@id":"https:\/\/dinnerinthesky.sk\/index.php\/zkusebni-stranka\/#breadcrumb","itemListElement":[{"@type":"ListItem","position":1,"name":"Dom\u016f","item":"https:\/\/dinnerinthesky.sk\/"},{"@type":"ListItem","position":2,"name":"Zku\u0161ebn\u00ed str\u00e1nka"}]},{"@type":"WebSite","@id":"https:\/\/dinnerinthesky.sk\/#website","url":"https:\/\/dinnerinthesky.sk\/","name":"Dinner in the Sky Slovensko","description":"","publisher":{"@id":"https:\/\/dinnerinthesky.sk\/#organization"},"potentialAction":[{"@type":"SearchAction","target":{"@type":"EntryPoint","urlTemplate":"https:\/\/dinnerinthesky.sk\/?s={search_term_string}"},"query-input":{"@type":"PropertyValueSpecification","valueRequired":true,"valueName":"search_term_string"}}],"inLanguage":"cs"},{"@type":"Organization","@id":"https:\/\/dinnerinthesky.sk\/#organization","name":"Dinner in the Sky Slovensko","url":"https:\/\/dinnerinthesky.sk\/","logo":{"@type":"ImageObject","inLanguage":"cs","@id":"https:\/\/dinnerinthesky.sk\/#\/schema\/logo\/image\/","url":"https:\/\/dinnerinthesky.sk\/wp-content\/uploads\/2025\/02\/ditszapad-1024x679.png","contentUrl":"https:\/\/dinnerinthesky.sk\/wp-content\/uploads\/2025\/02\/ditszapad-1024x679.png","width":1024,"height":679,"caption":"Dinner in the Sky Slovensko"},"image":{"@id":"https:\/\/dinnerinthesky.sk\/#\/schema\/logo\/image\/"}}]}},"_links":{"self":[{"href":"https:\/\/dinnerinthesky.sk\/index.php\/wp-json\/wp\/v2\/pages\/2","targetHints":{"allow":["GET"]}}],"collection":[{"href":"https:\/\/dinnerinthesky.sk\/index.php\/wp-json\/wp\/v2\/pages"}],"about":[{"href":"https:\/\/dinnerinthesky.sk\/index.php\/wp-json\/wp\/v2\/types\/page"}],"author":[{"embeddable":true,"href":"https:\/\/dinnerinthesky.sk\/index.php\/wp-json\/wp\/v2\/users\/1"}],"replies":[{"embeddable":true,"href":"https:\/\/dinnerinthesky.sk\/index.php\/wp-json\/wp\/v2\/comments?post=2"}],"version-history":[{"count":0,"href":"https:\/\/dinnerinthesky.sk\/index.php\/wp-json\/wp\/v2\/pages\/2\/revisions"}],"wp:attachment":[{"href":"https:\/\/dinnerinthesky.sk\/index.php\/wp-json\/wp\/v2\/media?parent=2"}],"curies":[{"name":"wp","href":"https:\/\/api.w.org\/{rel}","templated":true}]}}